{"id":1340,"date":"2019-11-08T19:53:41","date_gmt":"2019-11-08T19:53:41","guid":{"rendered":"http:\/\/forst.igbau.nrw\/?page_id=1340"},"modified":"2019-11-08T20:27:50","modified_gmt":"2019-11-08T20:27:50","slug":"personalvertretung","status":"publish","type":"page","link":"http:\/\/forst.igbau.nrw\/?page_id=1340","title":{"rendered":"IGBAU in der Personalvertretung"},"content":{"rendered":"\n<p>Die IG BAU Landesvertretung Forst und Naturschutz vertritt mit ihren Mitgliedern im Landesbetrieb Wald und Holz Nordrhein-Westfalen die Interessen und Anliegen der Besch\u00e4ftigten.<\/p>\n\n\n\n<p>Als DGB Gewerkschaft sehen wir unsere Aufgaben in dieser Funktion an erster Stelle in der t\u00e4glichen Personalratsarbeit. <\/p>\n\n\n\n<p>Die zum Teil langj\u00e4hrige Erfahrung der Personalratsmitglieder der IG BAU  gew\u00e4hrleisten eine umfassende und auch schlagkr\u00e4ftige Personalvertretung.<\/p>\n\n\n\n<p>In den Jahren einer Gesch\u00e4ftsf\u00fchrung durch die IG BAU fanden regelm\u00e4\u00dfige Gespr\u00e4che und Infotermine in den Aussenstellen und Regionalforst\u00e4mtern statt. Der Personalrat bot damit auch in der Fl\u00e4che die M\u00f6glichkeit f\u00fcr die Besch\u00e4ftigten ihre Anliegen anzusprechen bzw. sich direkt beraten zu lassen.<\/p>\n\n\n\n<p>Eine verl\u00e4\u00dfliche Beratung und Betreuung der Kolleginnen und Kollegen in Fragen des Tarifrechts, des LPVGs, den Fragen des Teilzeitbefristungsgesetzes, dem Eingruppierungsrecht usw. ist nur machbar wenn die Personalratsmitglieder fit sind in diesen Themen.<\/p>\n\n\n\n<p>Genau daf\u00fcr stehen wir &#8230;&#8230;&#8230;&#8230;&#8230;.<\/p>\n\n\n\n<p>Nicht immer kommt es zu einer Einigung mit der Verwaltung so dass manche Auseinandersetzungen gerichtlich entschieden werden m\u00fcssen.<\/p>\n\n\n\n<p>Hier steht den IG BAU Mitgliedern in allen Fragen die das Besch\u00e4ftigungsverh\u00e4ltnis betreffen die Kollegen des DGB Rechtsschutzes zur Seite. Die Gew\u00e4hrung dieses rechtlichen Beistandes wird durch die Landesvertretung gepr\u00fcft.<\/p>\n\n\n\n<p>Zu einer umfassenden Personalratsarbeit geh\u00f6rt auch die enge Kooperation mit den DGB Gewerkschaften die durch unsere regelm\u00e4\u00dfige Teilnahme in der AG der \u00d6ffentlichen Dienst Gewerkschaften in NRW erfolgt.<\/p>\n\n\n\n<p>Dadurch besteht f\u00fcr die IG BAU die M\u00f6glichkeit mit dem DGB gemeinsam Rahmenbedingungen f\u00fcr die Tarifbesch\u00e4ftigten und Beamten im Landesbetrieb ma\u00dfgeblich mit zu gestalten.<\/p>\n\n\n\n<p>Dazu geh\u00f6rten in den letzten Jahren nat\u00fcrlich auch die Teilnahme an den Tarifverhandlungen des TV-L gemeinsam mit den Kollegen von VERDI und als Hauptverhandlungspartner die Verhandlungen f\u00fcr den TV-L Forst.<\/p>\n\n\n\n<p>Diese durch die Gewerkschaften verhandelten Ergebnisse stellen auch immer die Grundlage f\u00fcr die Besoldungsanpassungen der <\/p>\n\n\n\n<p>Au\u00dferdem wurden in NRW die Regelungen zur Beihilfe, die Anpassungen des LPVG, die Einf\u00fchrung des E-Governmentgesetzes, die Stellungnahme zum Landeshaushalt, Abschaffung von sachgrundlose Befristungen im \u00f6ffentlichen Dienst und vieles mehr durch die beteiligten DGB Gewerkschaften begleitet und erarbeitet.<\/p>\n\n\n\n<p>Erst an zweiter Stelle vertreten wir die Interessen der Besch\u00e4ftigten als Verband auf Landesebene durch regelm\u00e4\u00dfige Gespr\u00e4che mit den Demokratischen Parteien im Landtag, sowie den anderen Interessenvertretungen f\u00fcr den Wald in NRW.<\/p>\n\n\n\n<br>\n\n\n\n<p> <\/p>\n","protected":false},"excerpt":{"rendered":"<p>Die IG BAU Landesvertretung Forst und Naturschutz vertritt mit ihren Mitgliedern im Landesbetrieb Wald und Holz Nordrhein-Westfalen die Interessen und Anliegen der<\/p>\n<p class=\"link-more\"><a class=\"myButt \" href=\"http:\/\/forst.igbau.nrw\/?page_id=1340\">Weitere Infos &#8230;<\/a><\/p>\n","protected":false},"author":1,"featured_media":1297,"parent":0,"menu_order":0,"comment_status":"closed","ping_status":"closed","template":"","meta":{"ngg_post_thumbnail":0,"jetpack_post_was_ever_published":false,"footnotes":""},"class_list":["post-1340","page","type-page","status-publish","has-post-thumbnail","hentry"],"jetpack_sharing_enabled":true,"jetpack_shortlink":"https:\/\/wp.me\/P8x7f7-lC","jetpack-related-posts":[],"_links":{"self":[{"href":"http:\/\/forst.igbau.nrw\/index.php?rest_route=\/wp\/v2\/pages\/1340","targetHints":{"allow":["GET"]}}],"collection":[{"href":"http:\/\/forst.igbau.nrw\/index.php?rest_route=\/wp\/v2\/pages"}],"about":[{"href":"http:\/\/forst.igbau.nrw\/index.php?rest_route=\/wp\/v2\/types\/page"}],"author":[{"embeddable":true,"href":"http:\/\/forst.igbau.nrw\/index.php?rest_route=\/wp\/v2\/users\/1"}],"replies":[{"embeddable":true,"href":"http:\/\/forst.igbau.nrw\/index.php?rest_route=%2Fwp%2Fv2%2Fcomments&post=1340"}],"version-history":[{"count":4,"href":"http:\/\/forst.igbau.nrw\/index.php?rest_route=\/wp\/v2\/pages\/1340\/revisions"}],"predecessor-version":[{"id":1347,"href":"http:\/\/forst.igbau.nrw\/index.php?rest_route=\/wp\/v2\/pages\/1340\/revisions\/1347"}],"wp:featuredmedia":[{"embeddable":true,"href":"http:\/\/forst.igbau.nrw\/index.php?rest_route=\/wp\/v2\/media\/1297"}],"wp:attachment":[{"href":"http:\/\/forst.igbau.nrw\/index.php?rest_route=%2Fwp%2Fv2%2Fmedia&parent=1340"}],"curies":[{"name":"wp","href":"https:\/\/api.w.org\/{rel}","templated":true}]}}